{"id":1559,"date":"2021-04-06T12:43:34","date_gmt":"2021-04-06T15:43:34","guid":{"rendered":"http:\/\/www.maltexco.com\/web\/?page_id=1559"},"modified":"2021-04-16T12:25:13","modified_gmt":"2021-04-16T15:25:13","slug":"melanoidina","status":"publish","type":"page","link":"https:\/\/www.maltexco.com\/web\/productos\/patagonia-malt\/maltas-base\/melanoidina\/","title":{"rendered":"Melanoidina"},"content":{"rendered":"\n<div class=\"wp-block-image banner1\"><figure class=\"aligncenter size-full is-resized\"><img loading=\"lazy\" decoding=\"async\" src=\"http:\/\/www.maltexco.com\/web\/wp-content\/uploads\/fondo-tit-patagonia6-web.png\" alt=\"\" class=\"wp-image-882\" width=\"1149\" height=\"105\" srcset=\"https:\/\/www.maltexco.com\/web\/wp-content\/uploads\/fondo-tit-patagonia6-web.png 1149w, https:\/\/www.maltexco.com\/web\/wp-content\/uploads\/fondo-tit-patagonia6-web-300x27.png 300w, https:\/\/www.maltexco.com\/web\/wp-content\/uploads\/fondo-tit-patagonia6-web-1024x94.png 1024w, https:\/\/www.maltexco.com\/web\/wp-content\/uploads\/fondo-tit-patagonia6-web-768x70.png 768w\" sizes=\"(max-width: 709px) 85vw, (max-width: 909px) 67vw, (max-width: 1362px) 62vw, 840px\" \/><\/figure><\/div>\n\n\n\n<p class=\"links-patagonia\"><strong>Patagonia Malt<\/strong> &gt; <a href=\"http:\/\/www.maltexco.com\/web\/productos\/patagonia-malt\/maltas-base\/\">Malta base<\/a> &gt; <a href=\"http:\/\/www.maltexco.com\/web\/productos\/patagonia-malt\/maltas-base\/extra-pale\/\">Extra Pale<\/a> | <a href=\"http:\/\/www.maltexco.com\/web\/productos\/patagonia-malt\/maltas-base\/pilsen\/\">Pilsen<\/a> | <a href=\"http:\/\/www.maltexco.com\/web\/productos\/patagonia-malt\/maltas-base\/pale-ale\/\">Pale Ale<\/a> | <a href=\"http:\/\/www.maltexco.com\/web\/productos\/patagonia-malt\/maltas-base\/vienna\/\">Vienna<\/a>  |  <a href=\"http:\/\/www.maltexco.com\/web\/productos\/patagonia-malt\/maltas-base\/munich\/\" data-type=\"page\" data-id=\"1247\">Munich<\/a>  |  <a href=\"http:\/\/www.maltexco.com\/web\/productos\/patagonia-malt\/maltas-base\/trigo\/\" data-type=\"page\" data-id=\"1250\">Trigo<\/a>  |  <span class=\"has-inline-color has-bright-blue-color\">Melanoidina<\/span><\/p>\n\n\n\n<hr class=\"wp-block-separator is-style-wide\"\/>\n\n\n\n<h4 class=\"wp-block-heading\" id=\"block-e2b9fa04-510a-48a8-8502-12fcb15c8bf2\"><span style=\"color:#04335f\" class=\"has-inline-color\">MELANOIDINA<\/span><\/h4>\n\n\n\n<div class=\"wp-block-image\"><figure class=\"alignright size-large\"><img loading=\"lazy\" decoding=\"async\" width=\"265\" height=\"400\" src=\"http:\/\/www.maltexco.com\/web\/wp-content\/uploads\/Melanoidina.jpg\" alt=\"\" class=\"wp-image-1676\" srcset=\"https:\/\/www.maltexco.com\/web\/wp-content\/uploads\/Melanoidina.jpg 265w, https:\/\/www.maltexco.com\/web\/wp-content\/uploads\/Melanoidina-199x300.jpg 199w\" sizes=\"(max-width: 265px) 85vw, 265px\" \/><\/figure><\/div>\n\n\n\n<p id=\"block-258791f6-abcf-497d-9721-be600c867fb2\"><strong>Descripci\u00f3n<\/strong><\/p>\n\n\n\n<p id=\"block-2cca4b3e-9f24-4ef8-a8f6-f76f3d06da14\">Malta de color y aroma muy intenso con altos niveles de reacci\u00f3n de Maillard que aporta color y cuerpo caracter\u00edstico. Muy buena alternativa para cervezas con tonos rojizos o ambar intenso, sabor a melanoidina muy maltoso.<\/p>\n\n\n\n<p id=\"block-5a271891-0365-4104-b51e-833113988b89\"><strong>Caracter\u00edsticas<\/strong><\/p>\n\n\n\n<ul id=\"block-e7ec8183-de80-4a41-95f2-c5e5817fdbf9\"><li>Sabor ligeramente \u00e1cido en altas concentraciones<\/li><li>Color: 50-70 EBC (15-25 Lovibond)<\/li><li>Uso: Hasta en un 40% dependiendo del estilo de cerveza.<\/li><\/ul>\n","protected":false},"excerpt":{"rendered":"<p>Patagonia Malt &gt; Malta base &gt; Extra Pale | Pilsen | Pale Ale | Vienna | Munich | Trigo | Melanoidina MELANOIDINA Descripci\u00f3n Malta de color y aroma muy intenso con altos niveles de reacci\u00f3n de Maillard que aporta color y cuerpo caracter\u00edstico. Muy buena alternativa para cervezas con tonos rojizos o ambar intenso, sabor &hellip; <a href=\"https:\/\/www.maltexco.com\/web\/productos\/patagonia-malt\/maltas-base\/melanoidina\/\" class=\"more-link\">Continue reading<span class=\"screen-reader-text\"> &#8220;Melanoidina&#8221;<\/span><\/a><\/p>\n","protected":false},"author":1,"featured_media":0,"parent":439,"menu_order":0,"comment_status":"closed","ping_status":"closed","template":"","meta":{"_acf_changed":false,"footnotes":""},"acf":[],"_links":{"self":[{"href":"https:\/\/www.maltexco.com\/web\/wp-json\/wp\/v2\/pages\/1559"}],"collection":[{"href":"https:\/\/www.maltexco.com\/web\/wp-json\/wp\/v2\/pages"}],"about":[{"href":"https:\/\/www.maltexco.com\/web\/wp-json\/wp\/v2\/types\/page"}],"author":[{"embeddable":true,"href":"https:\/\/www.maltexco.com\/web\/wp-json\/wp\/v2\/users\/1"}],"replies":[{"embeddable":true,"href":"https:\/\/www.maltexco.com\/web\/wp-json\/wp\/v2\/comments?post=1559"}],"version-history":[{"count":9,"href":"https:\/\/www.maltexco.com\/web\/wp-json\/wp\/v2\/pages\/1559\/revisions"}],"predecessor-version":[{"id":1677,"href":"https:\/\/www.maltexco.com\/web\/wp-json\/wp\/v2\/pages\/1559\/revisions\/1677"}],"up":[{"embeddable":true,"href":"https:\/\/www.maltexco.com\/web\/wp-json\/wp\/v2\/pages\/439"}],"wp:attachment":[{"href":"https:\/\/www.maltexco.com\/web\/wp-json\/wp\/v2\/media?parent=1559"}],"curies":[{"name":"wp","href":"https:\/\/api.w.org\/{rel}","templated":true}]}}