{"id":178,"date":"2020-11-16T18:14:10","date_gmt":"2020-11-16T21:14:10","guid":{"rendered":"http:\/\/www.maltexco.com\/web\/?page_id=178"},"modified":"2021-06-03T16:49:45","modified_gmt":"2021-06-03T19:49:45","slug":"patagonia-malt","status":"publish","type":"page","link":"https:\/\/www.maltexco.com\/web\/productos\/patagonia-malt\/","title":{"rendered":"PATAGONIA MALT"},"content":{"rendered":"\n<div class=\"wp-block-group banner2\"><div class=\"wp-block-group__inner-container is-layout-flow wp-block-group-is-layout-flow\">\n<div class=\"wp-block-group banner1\"><div class=\"wp-block-group__inner-container is-layout-flow wp-block-group-is-layout-flow\">\n<figure class=\"wp-block-image size-full is-resized\"><img loading=\"lazy\" decoding=\"async\" src=\"http:\/\/www.maltexco.com\/web\/wp-content\/uploads\/fondo-tit-patagonia6-web.png\" alt=\"\" class=\"wp-image-882\" width=\"1149\" height=\"105\" srcset=\"https:\/\/www.maltexco.com\/web\/wp-content\/uploads\/fondo-tit-patagonia6-web.png 1149w, https:\/\/www.maltexco.com\/web\/wp-content\/uploads\/fondo-tit-patagonia6-web-300x27.png 300w, https:\/\/www.maltexco.com\/web\/wp-content\/uploads\/fondo-tit-patagonia6-web-1024x94.png 1024w, https:\/\/www.maltexco.com\/web\/wp-content\/uploads\/fondo-tit-patagonia6-web-768x70.png 768w\" sizes=\"(max-width: 709px) 85vw, (max-width: 909px) 67vw, (max-width: 1362px) 62vw, 840px\" \/><\/figure>\n\n\n\n<p class=\"links-patagonia\"><strong>Patagonia Malt<\/strong> &gt;  <a href=\"http:\/\/www.maltexco.com\/web\/productos\/patagonia-malt\/maltas-base\/\" data-type=\"page\" data-id=\"439\">Malta base<\/a>  |  <a href=\"http:\/\/www.maltexco.com\/web\/productos\/patagonia-malt\/maltas-especiales\/\" data-type=\"page\" data-id=\"441\">Maltas especiales<\/a>  |  <a href=\"http:\/\/www.maltexco.com\/web\/productos\/patagonia-malt\/otros\/\" data-type=\"page\" data-id=\"443\">Otros<\/a><\/p>\n\n\n\n<hr class=\"wp-block-separator is-style-wide\"\/>\n<\/div><\/div>\n<\/div><\/div>\n\n\n\n<div class=\"wp-block-image\"><figure class=\"alignright size-large is-resized\"><img loading=\"lazy\" decoding=\"async\" src=\"http:\/\/www.maltexco.com\/web\/wp-content\/uploads\/vasos-cerveceros.jpg\" alt=\"\" class=\"wp-image-1201\" width=\"511\" height=\"262\" srcset=\"https:\/\/www.maltexco.com\/web\/wp-content\/uploads\/vasos-cerveceros.jpg 511w, https:\/\/www.maltexco.com\/web\/wp-content\/uploads\/vasos-cerveceros-300x154.jpg 300w\" sizes=\"(max-width: 511px) 85vw, 511px\" \/><\/figure><\/div>\n\n\n\n<p>En <span style=\"color:#04335f\" class=\"has-inline-color\"><strong>Patagonia Malt<\/strong> <\/span>producimos maltas bases, maltas especiales y otros productos derivados de la cebada para la industria cervecera, donde buscamos resaltar el origen, pureza varietal y el terroir de car\u00e1cter \u00fanico, donde las condiciones clim\u00e1ticas muy similares a las de Europa, nos permite cultivar variedades europeas de cebada de 2 hileras que se adaptan a los suelos del sur de Chile.<\/p>\n\n\n\n<p>Contamos con un equipo de I+D que trabaja constantemente en el desarrollo de nuevos productos e innovaciones, satisfaciendo las exigencias del mercado cervecero y solicitudes de nuestros clientes.<\/p>\n\n\n\n<p>Todos nuestros productos son elaborados bajo estrictos est\u00e1ndares productivos desde la entrega de la semilla hasta el producto terminado, <br>que nos permiten mantener una \u00f3ptima y consistente calidad en el tiempo.<\/p>\n\n\n\n<div style=\"height:42px\" aria-hidden=\"true\" class=\"wp-block-spacer\"><\/div>\n\n\n\n<p><strong><span style=\"color:#04335f\" class=\"has-inline-color\">L\u00cdNEAS DE PRODUCTOS<\/span><\/strong><\/p>\n\n\n\n<div class=\"wp-block-columns is-layout-flex wp-container-core-columns-is-layout-1 wp-block-columns-is-layout-flex\">\n<div class=\"wp-block-column is-layout-flow wp-block-column-is-layout-flow\">\n<div class=\"wp-block-image mueve\"><figure class=\"aligncenter size-large is-resized\"><a href=\"http:\/\/www.maltexco.com\/web\/productos\/patagonia-malt\/maltas-base\/\"><img loading=\"lazy\" decoding=\"async\" src=\"http:\/\/www.maltexco.com\/web\/wp-content\/uploads\/Foto-Malta-Base.jpg\" alt=\"\" class=\"wp-image-1545\" width=\"460\" height=\"287\" srcset=\"https:\/\/www.maltexco.com\/web\/wp-content\/uploads\/Foto-Malta-Base.jpg 460w, https:\/\/www.maltexco.com\/web\/wp-content\/uploads\/Foto-Malta-Base-300x187.jpg 300w\" sizes=\"(max-width: 460px) 85vw, 460px\" \/><\/a><\/figure><\/div>\n\n\n\n<p class=\"has-text-align-center\"><strong><a href=\"http:\/\/www.maltexco.com\/web\/productos\/patagonia-malt\/maltas-base\/\" data-type=\"page\" data-id=\"439\"><span style=\"color:#04335f\" class=\"has-inline-color\">MALTA BASE<\/span><\/a><\/strong><\/p>\n\n\n\n<p class=\"has-text-align-center has-small-font-size\">Contamos con una amplia gama de maltas bases las cuales son producidas a partir de variedades de cebadas europeas de dos hileras, tales como Planet, Irina, Traveler, Sebastian, Natasia, entre otras. Son elaboradas de acuerdo con el proceso necesario para cumplir con las diversas caracter\u00edsticas fisicoqu\u00edmicas que exige a\u00f1o a a\u00f1o el mercado cervecero.<\/p>\n<\/div>\n\n\n\n<div class=\"wp-block-column is-layout-flow wp-block-column-is-layout-flow\">\n<div class=\"wp-block-image mueve\"><figure class=\"aligncenter size-large is-resized\"><a href=\"http:\/\/www.maltexco.com\/web\/productos\/patagonia-malt\/maltas-especiales\/\"><img loading=\"lazy\" decoding=\"async\" src=\"http:\/\/www.maltexco.com\/web\/wp-content\/uploads\/Foto-Maltas-Especiales.jpg\" alt=\"\" class=\"wp-image-1546\" width=\"460\" height=\"287\" srcset=\"https:\/\/www.maltexco.com\/web\/wp-content\/uploads\/Foto-Maltas-Especiales.jpg 460w, https:\/\/www.maltexco.com\/web\/wp-content\/uploads\/Foto-Maltas-Especiales-300x187.jpg 300w\" sizes=\"(max-width: 460px) 85vw, 460px\" \/><\/a><\/figure><\/div>\n\n\n\n<p class=\"has-text-align-center\"><strong><a href=\"http:\/\/www.maltexco.com\/web\/productos\/patagonia-malt\/maltas-especiales\/\" data-type=\"page\" data-id=\"441\"><span style=\"color:#04335f\" class=\"has-inline-color\">MALTAS ESPECIALES<\/span><\/a><\/strong><\/p>\n\n\n\n<p class=\"has-text-align-center has-small-font-size\">Nuestro portafolio de maltas especiales, que incluyen maltas caramelos, tostadas y cebadas tostadas con y sin c\u00e1scara, cubriendo as\u00ed las diversas necesidades de materias primas para la elaboraci\u00f3n de los distintos estilos de cerveza, aportando color, cuerpo y aroma.<\/p>\n\n\n\n<p class=\"has-text-align-center has-small-font-size\">Nuestro proceso de elaboraci\u00f3n es semi automatizado, obteniendo maltas que cumplen los m\u00e1s altos est\u00e1ndares de calidad dentro del completo rango desde la caramelizaci\u00f3n hasta el tostado.<\/p>\n<\/div>\n\n\n\n<div class=\"wp-block-column is-layout-flow wp-block-column-is-layout-flow\">\n<div class=\"wp-block-image mueve\"><figure class=\"aligncenter size-large is-resized\"><a href=\"http:\/\/www.maltexco.com\/web\/productos\/patagonia-malt\/otros\/\"><img loading=\"lazy\" decoding=\"async\" src=\"http:\/\/www.maltexco.com\/web\/wp-content\/uploads\/Foto-Maltas-otros.jpg\" alt=\"\" class=\"wp-image-1548\" width=\"460\" height=\"287\" srcset=\"https:\/\/www.maltexco.com\/web\/wp-content\/uploads\/Foto-Maltas-otros.jpg 460w, https:\/\/www.maltexco.com\/web\/wp-content\/uploads\/Foto-Maltas-otros-300x187.jpg 300w\" sizes=\"(max-width: 460px) 85vw, 460px\" \/><\/a><\/figure><\/div>\n\n\n\n<p class=\"has-text-align-center\"><strong><a href=\"http:\/\/www.maltexco.com\/web\/productos\/patagonia-malt\/otros\/\" data-type=\"page\" data-id=\"443\"><span style=\"color:#04335f\" class=\"has-inline-color\">OTROS<\/span><\/a><\/strong><\/p>\n\n\n\n<p class=\"has-text-align-center has-small-font-size\">Debido a las necesidades de la industria cervecera en los \u00faltimos a\u00f1os, PatagoniaMalt diversifico su portafolio de productos hacia algunos semi elaborados que pueden tener diferentes funciones dentro de la planta cervecera.<\/p>\n<\/div>\n<\/div>\n\n\n\n<p><\/p>\n","protected":false},"excerpt":{"rendered":"<p>Patagonia Malt &gt; Malta base | Maltas especiales | Otros En Patagonia Malt producimos maltas bases, maltas especiales y otros productos derivados de la cebada para la industria cervecera, donde buscamos resaltar el origen, pureza varietal y el terroir de car\u00e1cter \u00fanico, donde las condiciones clim\u00e1ticas muy similares a las de Europa, nos permite cultivar &hellip; <a href=\"https:\/\/www.maltexco.com\/web\/productos\/patagonia-malt\/\" class=\"more-link\">Continue reading<span class=\"screen-reader-text\"> &#8220;PATAGONIA MALT&#8221;<\/span><\/a><\/p>\n","protected":false},"author":1,"featured_media":0,"parent":16,"menu_order":0,"comment_status":"closed","ping_status":"closed","template":"","meta":{"_acf_changed":false,"footnotes":""},"acf":[],"_links":{"self":[{"href":"https:\/\/www.maltexco.com\/web\/wp-json\/wp\/v2\/pages\/178"}],"collection":[{"href":"https:\/\/www.maltexco.com\/web\/wp-json\/wp\/v2\/pages"}],"about":[{"href":"https:\/\/www.maltexco.com\/web\/wp-json\/wp\/v2\/types\/page"}],"author":[{"embeddable":true,"href":"https:\/\/www.maltexco.com\/web\/wp-json\/wp\/v2\/users\/1"}],"replies":[{"embeddable":true,"href":"https:\/\/www.maltexco.com\/web\/wp-json\/wp\/v2\/comments?post=178"}],"version-history":[{"count":60,"href":"https:\/\/www.maltexco.com\/web\/wp-json\/wp\/v2\/pages\/178\/revisions"}],"predecessor-version":[{"id":1708,"href":"https:\/\/www.maltexco.com\/web\/wp-json\/wp\/v2\/pages\/178\/revisions\/1708"}],"up":[{"embeddable":true,"href":"https:\/\/www.maltexco.com\/web\/wp-json\/wp\/v2\/pages\/16"}],"wp:attachment":[{"href":"https:\/\/www.maltexco.com\/web\/wp-json\/wp\/v2\/media?parent=178"}],"curies":[{"name":"wp","href":"https:\/\/api.w.org\/{rel}","templated":true}]}}