{"id":431,"date":"2020-12-28T10:44:13","date_gmt":"2020-12-28T13:44:13","guid":{"rendered":"http:\/\/www.maltexco.com\/web\/?page_id=431"},"modified":"2024-12-23T13:05:48","modified_gmt":"2024-12-23T16:05:48","slug":"harinas-y-colorantes-naturales","status":"publish","type":"page","link":"https:\/\/www.maltexco.com\/web\/productos\/maltexco\/harinas-y-colorantes-naturales\/","title":{"rendered":"Harinas y colorantes naturales"},"content":{"rendered":"\n<div class=\"wp-block-group banner1\"><div class=\"wp-block-group__inner-container is-layout-flow wp-block-group-is-layout-flow\">\n<figure class=\"wp-block-image size-full is-resized\"><img loading=\"lazy\" decoding=\"async\" width=\"1149\" height=\"105\" src=\"http:\/\/www.maltexco.com\/web\/wp-content\/uploads\/fondo-tit-food5-web.png\" alt=\"\" class=\"wp-image-880\" style=\"width:1149px;height:105px\" srcset=\"https:\/\/www.maltexco.com\/web\/wp-content\/uploads\/fondo-tit-food5-web.png 1149w, https:\/\/www.maltexco.com\/web\/wp-content\/uploads\/fondo-tit-food5-web-300x27.png 300w, https:\/\/www.maltexco.com\/web\/wp-content\/uploads\/fondo-tit-food5-web-1024x94.png 1024w, https:\/\/www.maltexco.com\/web\/wp-content\/uploads\/fondo-tit-food5-web-768x70.png 768w\" sizes=\"(max-width: 709px) 85vw, (max-width: 909px) 67vw, (max-width: 1362px) 62vw, 840px\" \/><\/figure>\n\n\n\n<p class=\"links-maltexco\" style=\"line-height:1.5\"><a href=\"http:\/\/www.maltexco.com\/web\/productos\/maltexco\/\" data-type=\"page\" data-id=\"176\"><span class=\"has-inline-color has-dark-gray-color\"><strong>Maltexco Food<\/strong><\/span><\/a> &gt; Harinas y Colorantes Naturales | <a href=\"http:\/\/www.maltexco.com\/web\/productos\/maltexco\/cebada-perlada-y-hojuelas\/\" data-type=\"page\" data-id=\"433\">Cebada Perlada y Hojuelas<\/a> | <a href=\"http:\/\/www.maltexco.com\/web\/productos\/maltexco\/extractos-de-malta-y-avena\/\" data-type=\"page\" data-id=\"435\">Extractos de Malta y Avena<\/a> | <a href=\"http:\/\/www.maltexco.com\/web\/productos\/maltexco\/cebada-industrial\/\" data-type=\"page\" data-id=\"437\">Cebada Industrial<\/a><\/p>\n\n\n\n<hr class=\"wp-block-separator has-css-opacity is-style-wide\"\/>\n<\/div><\/div>\n\n\n\n<p class=\"has-normal-font-size\"><strong><span style=\"color:#94bd42\" class=\"has-inline-color\">HARINAS Y EXTENSORES<\/span><\/strong><\/p>\n\n\n\n<div class=\"wp-block-columns is-layout-flex wp-container-core-columns-is-layout-3 wp-block-columns-is-layout-flex\">\n<div class=\"wp-block-column is-layout-flow wp-block-column-is-layout-flow\">\n<div class=\"wp-block-columns is-layout-flex wp-container-core-columns-is-layout-1 wp-block-columns-is-layout-flex\">\n<div class=\"wp-block-column is-layout-flow wp-block-column-is-layout-flow\"><div class=\"wp-block-image\">\n<figure class=\"aligncenter size-full\"><img loading=\"lazy\" decoding=\"async\" width=\"400\" height=\"285\" src=\"http:\/\/www.maltexco.com\/web\/wp-content\/uploads\/harina-malta-1.jpg\" alt=\"\" class=\"wp-image-959\" srcset=\"https:\/\/www.maltexco.com\/web\/wp-content\/uploads\/harina-malta-1.jpg 400w, https:\/\/www.maltexco.com\/web\/wp-content\/uploads\/harina-malta-1-300x214.jpg 300w\" sizes=\"(max-width: 400px) 85vw, 400px\" \/><\/figure><\/div>\n\n\n<p class=\"has-text-align-center\"><strong><span style=\"color:#94bd42\" class=\"has-inline-color\">HARINA DE MALTA<\/span><\/strong><\/p>\n\n\n\n<p class=\"has-text-align-left\">Debido a su alto poder diast\u00e1sico, act\u00faa como mejorador de las masas horneadas acortando procesos fermentativos y otorgando una corteza m\u00e1s dorada y crujiente.<\/p>\n<\/div>\n\n\n\n<div class=\"wp-block-column is-layout-flow wp-block-column-is-layout-flow\"><div class=\"wp-block-image\">\n<figure class=\"aligncenter size-full\"><img loading=\"lazy\" decoding=\"async\" width=\"400\" height=\"285\" src=\"http:\/\/www.maltexco.com\/web\/wp-content\/uploads\/harina-cebada-1.jpg\" alt=\"\" class=\"wp-image-960\" srcset=\"https:\/\/www.maltexco.com\/web\/wp-content\/uploads\/harina-cebada-1.jpg 400w, https:\/\/www.maltexco.com\/web\/wp-content\/uploads\/harina-cebada-1-300x214.jpg 300w\" sizes=\"(max-width: 400px) 85vw, 400px\" \/><\/figure><\/div>\n\n\n<p class=\"has-text-align-center\"><strong><span style=\"color:#94bd42\" class=\"has-inline-color\">HARINA DE CEBADA<\/span><\/strong><\/p>\n\n\n\n<p class=\"has-text-align-left\">Harina semi integral que destaca por su bajo contenido de grasa y alto contenido de fibra diet\u00e9tica (propiedades nutricionales), adem\u00e1s de su contenido de betaglucano y bajo \u00edndice glic\u00e9mico (propiedades funcionales).<\/p>\n<\/div>\n\n\n\n<div class=\"wp-block-column is-layout-flow wp-block-column-is-layout-flow\"><div class=\"wp-block-image\">\n<figure class=\"aligncenter size-full\"><img loading=\"lazy\" decoding=\"async\" width=\"400\" height=\"285\" src=\"http:\/\/www.maltexco.com\/web\/wp-content\/uploads\/harina-maltas-especiales.jpg\" alt=\"\" class=\"wp-image-907\" srcset=\"https:\/\/www.maltexco.com\/web\/wp-content\/uploads\/harina-maltas-especiales.jpg 400w, https:\/\/www.maltexco.com\/web\/wp-content\/uploads\/harina-maltas-especiales-300x214.jpg 300w\" sizes=\"(max-width: 400px) 85vw, 400px\" \/><\/figure><\/div>\n\n\n<p class=\"has-text-align-center\"><strong><span style=\"color:#94bd42\" class=\"has-inline-color\">BARLEYCHOC<\/span><\/strong> (EXTENSOR DE CACAO)<\/p>\n\n\n\n<p>A partir de nuestras maltas tostadas hemos desarrollado una harina tostada, denominada Barleychoc. Por el color, aroma y sabor resultante del tostado de la malta, este producto otorga tonalidades de la gama del caramelo al chocolate oscuro, as\u00ed c\u00f3mo notas de sabor y aroma relacionadas al caf\u00e9 y el cacao, cuya intensidad depende del nivel de tostado y el porcentaje utilizado en la formulaci\u00f3n.<\/p>\n\n\n\n<p> Es por esto que el Barleychoc es utilizado como sustituto o extensor del cacao, sin cambiar los atributos finales del producto<\/p>\n<\/div>\n<\/div>\n\n\n\n<div style=\"height:50px\" aria-hidden=\"true\" class=\"wp-block-spacer\"><\/div>\n\n\n\n<div class=\"wp-block-columns is-layout-flex wp-container-core-columns-is-layout-2 wp-block-columns-is-layout-flex\">\n<div class=\"wp-block-column is-layout-flow wp-block-column-is-layout-flow\">\n<hr class=\"wp-block-separator has-css-opacity is-style-wide\"\/>\n\n\n\n<p class=\"has-text-align-left\" id=\"block-f7359a94-bf4e-40dd-9dcf-d01436d35215\"><span style=\"color:#94bd42\" class=\"has-inline-color\"><strong>TIPOS DE BARLEYCHOC<\/strong><\/span><\/p>\n\n\n\n<p class=\"has-text-align-left\" id=\"block-1f59f82b-3d9a-46af-ae79-a3636b07e161\"><strong>Barleychoc Light<\/strong><br>Es la versi\u00f3n m\u00e1s clara y dulce de la familia, con un color caf\u00e9 claro anaranjado y un sabor ligeramente dulce y a malta.<\/p>\n\n\n\n<p class=\"has-text-align-left\" id=\"block-426e3985-cbb4-400b-9fb7-0029959dc1d6\"><strong>Barleychoc Classic<\/strong><br>Es el m\u00e1s cercano al color tradicional del cacao en polvo, con un color caf\u00e9 con tonos rojizos y un sabor: Amargor de nivel mediano \u2013 intenso.<\/p>\n\n\n\n<p class=\"has-text-align-left\" id=\"block-63c9e388-c837-4c41-a082-24fdaeff3416\"><strong>Barleychoc Dark<\/strong><br>Creado para reemplazar el cacao amargo, con un color negro &#8211; caf\u00e9 oscuro y un Sabor amargo fuerte.<\/p>\n<\/div>\n<\/div>\n<\/div>\n<\/div>\n\n\n\n<div style=\"height:23px\" aria-hidden=\"true\" class=\"wp-block-spacer\"><\/div>\n","protected":false},"excerpt":{"rendered":"<p>Maltexco Food &gt; Harinas y Colorantes Naturales | Cebada Perlada y Hojuelas | Extractos de Malta y Avena | Cebada Industrial HARINAS Y EXTENSORES HARINA DE MALTA Debido a su alto poder diast\u00e1sico, act\u00faa como mejorador de las masas horneadas acortando procesos fermentativos y otorgando una corteza m\u00e1s dorada y crujiente. HARINA DE CEBADA Harina &hellip; <a href=\"https:\/\/www.maltexco.com\/web\/productos\/maltexco\/harinas-y-colorantes-naturales\/\" class=\"more-link\">Continue reading<span class=\"screen-reader-text\"> &#8220;Harinas y colorantes naturales&#8221;<\/span><\/a><\/p>\n","protected":false},"author":1,"featured_media":0,"parent":176,"menu_order":0,"comment_status":"closed","ping_status":"closed","template":"","meta":{"_acf_changed":false,"footnotes":""},"acf":[],"_links":{"self":[{"href":"https:\/\/www.maltexco.com\/web\/wp-json\/wp\/v2\/pages\/431"}],"collection":[{"href":"https:\/\/www.maltexco.com\/web\/wp-json\/wp\/v2\/pages"}],"about":[{"href":"https:\/\/www.maltexco.com\/web\/wp-json\/wp\/v2\/types\/page"}],"author":[{"embeddable":true,"href":"https:\/\/www.maltexco.com\/web\/wp-json\/wp\/v2\/users\/1"}],"replies":[{"embeddable":true,"href":"https:\/\/www.maltexco.com\/web\/wp-json\/wp\/v2\/comments?post=431"}],"version-history":[{"count":131,"href":"https:\/\/www.maltexco.com\/web\/wp-json\/wp\/v2\/pages\/431\/revisions"}],"predecessor-version":[{"id":2741,"href":"https:\/\/www.maltexco.com\/web\/wp-json\/wp\/v2\/pages\/431\/revisions\/2741"}],"up":[{"embeddable":true,"href":"https:\/\/www.maltexco.com\/web\/wp-json\/wp\/v2\/pages\/176"}],"wp:attachment":[{"href":"https:\/\/www.maltexco.com\/web\/wp-json\/wp\/v2\/media?parent=431"}],"curies":[{"name":"wp","href":"https:\/\/api.w.org\/{rel}","templated":true}]}}