{"id":435,"date":"2020-12-28T10:45:25","date_gmt":"2020-12-28T13:45:25","guid":{"rendered":"http:\/\/www.maltexco.com\/web\/?page_id=435"},"modified":"2024-12-23T13:09:08","modified_gmt":"2024-12-23T16:09:08","slug":"extractos-de-malta-y-avena","status":"publish","type":"page","link":"https:\/\/www.maltexco.com\/web\/productos\/maltexco\/extractos-de-malta-y-avena\/","title":{"rendered":"Extractos de malta y avena"},"content":{"rendered":"\n<div class=\"wp-block-group banner1\"><div class=\"wp-block-group__inner-container is-layout-flow wp-block-group-is-layout-flow\">\n<figure class=\"wp-block-image size-full is-resized\"><img loading=\"lazy\" decoding=\"async\" width=\"1149\" height=\"105\" src=\"http:\/\/www.maltexco.com\/web\/wp-content\/uploads\/fondo-tit-food5-web.png\" alt=\"\" class=\"wp-image-880\" style=\"width:1149px;height:105px\" srcset=\"https:\/\/www.maltexco.com\/web\/wp-content\/uploads\/fondo-tit-food5-web.png 1149w, https:\/\/www.maltexco.com\/web\/wp-content\/uploads\/fondo-tit-food5-web-300x27.png 300w, https:\/\/www.maltexco.com\/web\/wp-content\/uploads\/fondo-tit-food5-web-1024x94.png 1024w, https:\/\/www.maltexco.com\/web\/wp-content\/uploads\/fondo-tit-food5-web-768x70.png 768w\" sizes=\"(max-width: 709px) 85vw, (max-width: 909px) 67vw, (max-width: 1362px) 62vw, 840px\" \/><\/figure>\n\n\n\n<p class=\"links-maltexco\" style=\"line-height:1.5\"><a href=\"http:\/\/www.maltexco.com\/web\/productos\/maltexco\/\" data-type=\"page\" data-id=\"176\"><strong><span class=\"has-inline-color has-dark-gray-color\">Maltexco Food<\/span><\/strong><\/a> &gt; <a href=\"http:\/\/www.maltexco.com\/web\/productos\/maltexco\/harinas-y-colorantes-naturales\/\" data-type=\"page\" data-id=\"431\">Harinas y Colorantes Naturales<\/a> | <a href=\"http:\/\/www.maltexco.com\/web\/productos\/maltexco\/cebada-perlada-y-hojuelas\/\" data-type=\"page\" data-id=\"433\">Cebada Perlada y Hojuelas<\/a> | Extractos de Malta y Avena | <a href=\"http:\/\/www.maltexco.com\/web\/productos\/maltexco\/cebada-industrial\/\" data-type=\"page\" data-id=\"437\">Cebada Industrial<\/a><\/p>\n\n\n\n<hr class=\"wp-block-separator has-css-opacity is-style-wide\"\/>\n<\/div><\/div>\n\n\n\n<p><strong><span style=\"color:#94bd42\" class=\"has-inline-color\">EXTRACTOS DE MALTA Y AVENA<\/span><\/strong><\/p>\n\n\n\n<div class=\"wp-block-columns is-layout-flex wp-container-core-columns-is-layout-1 wp-block-columns-is-layout-flex\">\n<div class=\"wp-block-column is-layout-flow wp-block-column-is-layout-flow\">\n<figure class=\"wp-block-image size-large\"><img loading=\"lazy\" decoding=\"async\" width=\"400\" height=\"285\" src=\"http:\/\/www.maltexco.com\/web\/wp-content\/uploads\/extractos-liquido-2.jpg\" alt=\"\" class=\"wp-image-1521\" srcset=\"https:\/\/www.maltexco.com\/web\/wp-content\/uploads\/extractos-liquido-2.jpg 400w, https:\/\/www.maltexco.com\/web\/wp-content\/uploads\/extractos-liquido-2-300x214.jpg 300w\" sizes=\"(max-width: 400px) 85vw, 400px\" \/><\/figure>\n\n\n\n<p><span style=\"color:#94bd42\" class=\"has-inline-color\"><strong>EXTRACTO DE MALTA L\u00cdQUIDA<\/strong><\/span><\/p>\n\n\n\n<p class=\"has-text-align-left\">El extracto de malta l\u00edquido es un jarabe de color caramelo intenso y de alta viscosidad. Tiene aroma y sabor caracter\u00edsticos a la malta, que potencian los aspectos organol\u00e9pticos del producto final. Generalmente es utilizado en mezclas h\u00famedas. Sus principal aplicaci\u00f3n es en galletas (dulces y saladas) y cereales, donde adem\u00e1s de endulzar, a\u00f1ade atributos de textura (crocancia), sabor y aroma.<\/p>\n<\/div>\n\n\n\n<div class=\"wp-block-column is-layout-flow wp-block-column-is-layout-flow\">\n<figure class=\"wp-block-image size-full\"><img loading=\"lazy\" decoding=\"async\" width=\"400\" height=\"285\" src=\"https:\/\/www.maltexco.com\/web\/wp-content\/uploads\/extracto-malta-spray.jpg\" alt=\"\" class=\"wp-image-1506\" srcset=\"https:\/\/www.maltexco.com\/web\/wp-content\/uploads\/extracto-malta-spray.jpg 400w, https:\/\/www.maltexco.com\/web\/wp-content\/uploads\/extracto-malta-spray-300x214.jpg 300w\" sizes=\"(max-width: 400px) 85vw, 400px\" \/><\/figure>\n\n\n\n<p><span style=\"color:#94bd42\" class=\"has-inline-color\"><strong>EXTRACTO DE MALTA POLVO SECADO EN BANDA<\/strong><\/span><\/p>\n\n\n\n<p class=\"has-text-align-left\">Resultante del secado en banda (belt) del extracto l\u00edquido, utilizado mayormente en formulaciones generadas a partir de ingredientes secos. Es un producto altamente higrosc\u00f3pico y soluble al agua, que otorga los mismos atributos que el ingrediente l\u00edquido, pero con los beneficios de transporte y aplicaci\u00f3n que da el formato en polvo. Este producto no tiene carriers de secado.<\/p>\n<\/div>\n\n\n\n<div class=\"wp-block-column is-layout-flow wp-block-column-is-layout-flow\">\n<figure class=\"wp-block-image size-full\"><img loading=\"lazy\" decoding=\"async\" width=\"400\" height=\"285\" src=\"https:\/\/www.maltexco.com\/web\/wp-content\/uploads\/extracto-polvo-banda.jpg\" alt=\"\" class=\"wp-image-1505\" srcset=\"https:\/\/www.maltexco.com\/web\/wp-content\/uploads\/extracto-polvo-banda.jpg 400w, https:\/\/www.maltexco.com\/web\/wp-content\/uploads\/extracto-polvo-banda-300x214.jpg 300w\" sizes=\"(max-width: 400px) 85vw, 400px\" \/><\/figure>\n\n\n\n<p><span style=\"color:#94bd42\" class=\"has-inline-color\"><strong>EXTRACTO DE MALTA POLVO SECADO EN SPRAY<\/strong><\/span><\/p>\n\n\n\n<p class=\"has-text-align-left\">Resultante del secado del extracto l\u00edquido por la t\u00e9cnica de spray, por lo que incluye un carrier en su formulaci\u00f3n. Es utilizado mayormente en formulaciones generadas a partir de ingredientes secos. El producto obtenido por secado spray presenta tambi\u00e9n una alta solubilidad e higroscop\u00eda, as\u00ed como una menor granulometr\u00eda y color m\u00e1s claro.&nbsp;<\/p>\n<\/div>\n<\/div>\n\n\n\n<div class=\"wp-block-columns is-layout-flex wp-container-core-columns-is-layout-2 wp-block-columns-is-layout-flex\">\n<div class=\"wp-block-column is-layout-flow wp-block-column-is-layout-flow\">\n<figure class=\"wp-block-image size-large\"><img loading=\"lazy\" decoding=\"async\" width=\"400\" height=\"285\" src=\"http:\/\/www.maltexco.com\/web\/wp-content\/uploads\/extracto-avena-soluble.jpg\" alt=\"\" class=\"wp-image-1507\" srcset=\"https:\/\/www.maltexco.com\/web\/wp-content\/uploads\/extracto-avena-soluble.jpg 400w, https:\/\/www.maltexco.com\/web\/wp-content\/uploads\/extracto-avena-soluble-300x214.jpg 300w\" sizes=\"(max-width: 400px) 85vw, 400px\" \/><\/figure>\n\n\n\n<p><span style=\"color:#94bd42\" class=\"has-inline-color\"><strong>EXTRACTO DE AVENA (AVENA SOLUBLE)<\/strong><\/span><\/p>\n\n\n\n<p>La avena soluble es un producto obtenido a partir de la hidr\u00f3lisis enzim\u00e1tica de la avena cruda. Cuando incluido en una formulaci\u00f3n aporta az\u00facares naturales, es de f\u00e1cil disoluci\u00f3n, y permite mantener una etiqueta &#8220;limpia&#8221;.<\/p>\n\n\n\n<ul>\n<li>El mismo se puede obtener en presentaci\u00f3n l\u00edquida o seca (en polvo).<\/li>\n<\/ul>\n<\/div>\n\n\n\n<div class=\"wp-block-column is-layout-flow wp-block-column-is-layout-flow\">\n<figure class=\"wp-block-image size-large\"><img loading=\"lazy\" decoding=\"async\" width=\"400\" height=\"285\" src=\"http:\/\/www.maltexco.com\/web\/wp-content\/uploads\/extractos-medida.jpg\" alt=\"\" class=\"wp-image-1509\" srcset=\"https:\/\/www.maltexco.com\/web\/wp-content\/uploads\/extractos-medida.jpg 400w, https:\/\/www.maltexco.com\/web\/wp-content\/uploads\/extractos-medida-300x214.jpg 300w\" sizes=\"(max-width: 400px) 85vw, 400px\" \/><\/figure>\n\n\n\n<p><span style=\"color:#94bd42\" class=\"has-inline-color\"><strong>EXTRACTOS A LA MEDIDA<\/strong><\/span><\/p>\n\n\n\n<p>Respondiendo al nivel cada vez mayor de especializaci\u00f3n y exigencia de la industria de alimentos e ingredientes, Maltexco se ha ocupado de construir un equipo de I+D especializado, que trabaja de manera continua en el desarrollo de formulaciones y formatos que responden a las necesidades nuestros clientes.<\/p>\n\n\n\n<p>Con un laboratorio de desarrollo y nuestra propia planta piloto, buscamos no s\u00f3lo responder a lo que nuestros clientes solicitan, sino mas bien anticiparnos a las tendencias de consumo globales.<\/p>\n<\/div>\n\n\n\n<div class=\"wp-block-column is-layout-flow wp-block-column-is-layout-flow\"><\/div>\n<\/div>\n\n\n\n<p><\/p>\n","protected":false},"excerpt":{"rendered":"<p>Maltexco Food &gt; Harinas y Colorantes Naturales | Cebada Perlada y Hojuelas | Extractos de Malta y Avena | Cebada Industrial EXTRACTOS DE MALTA Y AVENA EXTRACTO DE MALTA L\u00cdQUIDA El extracto de malta l\u00edquido es un jarabe de color caramelo intenso y de alta viscosidad. Tiene aroma y sabor caracter\u00edsticos a la malta, que &hellip; <a href=\"https:\/\/www.maltexco.com\/web\/productos\/maltexco\/extractos-de-malta-y-avena\/\" class=\"more-link\">Continue reading<span class=\"screen-reader-text\"> &#8220;Extractos de malta y avena&#8221;<\/span><\/a><\/p>\n","protected":false},"author":1,"featured_media":0,"parent":176,"menu_order":0,"comment_status":"closed","ping_status":"closed","template":"","meta":{"_acf_changed":false,"footnotes":""},"acf":[],"_links":{"self":[{"href":"https:\/\/www.maltexco.com\/web\/wp-json\/wp\/v2\/pages\/435"}],"collection":[{"href":"https:\/\/www.maltexco.com\/web\/wp-json\/wp\/v2\/pages"}],"about":[{"href":"https:\/\/www.maltexco.com\/web\/wp-json\/wp\/v2\/types\/page"}],"author":[{"embeddable":true,"href":"https:\/\/www.maltexco.com\/web\/wp-json\/wp\/v2\/users\/1"}],"replies":[{"embeddable":true,"href":"https:\/\/www.maltexco.com\/web\/wp-json\/wp\/v2\/comments?post=435"}],"version-history":[{"count":25,"href":"https:\/\/www.maltexco.com\/web\/wp-json\/wp\/v2\/pages\/435\/revisions"}],"predecessor-version":[{"id":2745,"href":"https:\/\/www.maltexco.com\/web\/wp-json\/wp\/v2\/pages\/435\/revisions\/2745"}],"up":[{"embeddable":true,"href":"https:\/\/www.maltexco.com\/web\/wp-json\/wp\/v2\/pages\/176"}],"wp:attachment":[{"href":"https:\/\/www.maltexco.com\/web\/wp-json\/wp\/v2\/media?parent=435"}],"curies":[{"name":"wp","href":"https:\/\/api.w.org\/{rel}","templated":true}]}}